{"id":604,"date":"2025-12-01T04:24:15","date_gmt":"2025-12-01T04:24:15","guid":{"rendered":"https:\/\/jjbmlandscaping.com\/?page_id=604"},"modified":"2026-01-07T22:29:28","modified_gmt":"2026-01-08T03:29:28","slug":"chritsmas-lights-installation-service","status":"publish","type":"page","link":"https:\/\/jjbmlandscaping.com\/es\/chritsmas-lights-installation-service\/","title":{"rendered":"Servicio de instalaci\u00f3n de luces navide\u00f1as"},"content":{"rendered":"<div data-elementor-type=\"wp-page\" data-elementor-id=\"604\" class=\"elementor elementor-604\" data-elementor-post-type=\"page\">\n\t\t\t\t<div class=\"elementor-element elementor-element-19b24e67 e-flex e-con-boxed e-con e-parent\" data-id=\"19b24e67\" data-element_type=\"container\" data-settings=\"{&quot;background_background&quot;:&quot;classic&quot;,&quot;shape_divider_bottom&quot;:&quot;clouds&quot;}\">\n\t\t\t\t\t<div class=\"e-con-inner\">\n\t\t\t\t<div class=\"elementor-shape elementor-shape-bottom\" aria-hidden=\"true\" data-negative=\"false\">\n\t\t\t<svg xmlns=\"http:\/\/www.w3.org\/2000\/svg\" viewbox=\"0 0 283.5 27.8\" preserveaspectratio=\"xMidYMax slice\">\n  <path class=\"elementor-shape-fill\" d=\"M0 0v6.7c1.9-.8 4.7-1.4 8.5-1 9.5 1.1 11.1 6 11.1 6s2.1-.7 4.3-.2c2.1.5 2.8 2.6 2.8 2.6s.2-.5 1.4-.7c1.2-.2 1.7.2 1.7.2s0-2.1 1.9-2.8c1.9-.7 3.6.7 3.6.7s.7-2.9 3.1-4.1 4.7 0 4.7 0 1.2-.5 2.4 0 1.7 1.4 1.7 1.4h1.4c.7 0 1.2.7 1.2.7s.8-1.8 4-2.2c3.5-.4 5.3 2.4 6.2 4.4.4-.4 1-.7 1.8-.9 2.8-.7 4 .7 4 .7s1.7-5 11.1-6c9.5-1.1 12.3 3.9 12.3 3.9s1.2-4.8 5.7-5.7c4.5-.9 6.8 1.8 6.8 1.8s.6-.6 1.5-.9c.9-.2 1.9-.2 1.9-.2s5.2-6.4 12.6-3.3c7.3 3.1 4.7 9 4.7 9s1.9-.9 4 0 2.8 2.4 2.8 2.4 1.9-1.2 4.5-1.2 4.3 1.2 4.3 1.2.2-1 1.4-1.7 2.1-.7 2.1-.7-.5-3.1 2.1-5.5 5.7-1.4 5.7-1.4 1.5-2.3 4.2-1.1c2.7 1.2 1.7 5.2 1.7 5.2s.3-.1 1.3.5c.5.4.8.8.9 1.1.5-1.4 2.4-5.8 8.4-4 7.1 2.1 3.5 8.9 3.5 8.9s.8-.4 2 0 1.1 1.1 1.1 1.1 1.1-1.1 2.3-1.1 2.1.5 2.1.5 1.9-3.6 6.2-1.2 1.9 6.4 1.9 6.4 2.6-2.4 7.4 0c3.4 1.7 3.9 4.9 3.9 4.9s3.3-6.9 10.4-7.9 11.5 2.6 11.5 2.6.8 0 1.2.2c.4.2.9.9.9.9s4.4-3.1 8.3.2c1.9 1.7 1.5 5 1.5 5s.3-1.1 1.6-1.4c1.3-.3 2.3.2 2.3.2s-.1-1.2.5-1.9 1.9-.9 1.9-.9-4.7-9.3 4.4-13.4c5.6-2.5 9.2.9 9.2.9s5-6.2 15.9-6.2 16.1 8.1 16.1 8.1.7-.2 1.6-.4V0H0z\"\/>\n<\/svg>\n\t\t<\/div>\n\t\t<div class=\"elementor-element elementor-element-21192aee e-con-full e-flex e-con e-child\" data-id=\"21192aee\" data-element_type=\"container\">\n\t\t\t\t<div class=\"elementor-element elementor-element-450d669a elementor-invisible elementor-widget elementor-widget-heading\" data-id=\"450d669a\" data-element_type=\"widget\" data-settings=\"{&quot;_animation&quot;:&quot;fadeInUp&quot;,&quot;_animation_delay&quot;:200}\" data-widget_type=\"heading.default\">\n\t\t\t\t\t<h1 class=\"elementor-heading-title elementor-size-default\">Servicio de instalaci\u00f3n de luces navide\u00f1as<\/h1>\t\t\t\t<\/div>\n\t\t\t\t<div class=\"elementor-element elementor-element-68edae18 elementor-widget-divider--view-line elementor-invisible elementor-widget elementor-widget-divider\" data-id=\"68edae18\" data-element_type=\"widget\" data-settings=\"{&quot;_animation&quot;:&quot;fadeIn&quot;,&quot;_animation_delay&quot;:200}\" data-widget_type=\"divider.default\">\n\t\t\t\t\t\t\t<div class=\"elementor-divider\">\n\t\t\t<span class=\"elementor-divider-separator\">\n\t\t\t\t\t\t<\/span>\n\t\t<\/div>\n\t\t\t\t\t\t<\/div>\n\t\t\t\t<div class=\"elementor-element elementor-element-71083841 elementor-invisible elementor-widget elementor-widget-heading\" data-id=\"71083841\" data-element_type=\"widget\" data-settings=\"{&quot;_animation&quot;:&quot;fadeInDown&quot;,&quot;_animation_delay&quot;:200}\" data-widget_type=\"heading.default\">\n\t\t\t\t\t<h4 class=\"elementor-heading-title elementor-size-default\">La jardiner\u00eda es un paso hacia una vida saludable.<\/h4>\t\t\t\t<\/div>\n\t\t\t\t<\/div>\n\t\t\t\t\t<\/div>\n\t\t\t\t<\/div>\n\t\t<div class=\"elementor-element elementor-element-e4982b4 e-con-full e-flex e-con e-parent\" data-id=\"e4982b4\" data-element_type=\"container\">\n\t\t<div class=\"elementor-element elementor-element-0ea11ce e-con-full e-flex elementor-invisible e-con e-child\" data-id=\"0ea11ce\" data-element_type=\"container\" data-settings=\"{&quot;animation&quot;:&quot;fadeInRight&quot;}\">\n\t\t<div class=\"elementor-element elementor-element-98dfcee e-con-full e-flex elementor-invisible e-con e-child\" data-id=\"98dfcee\" data-element_type=\"container\" data-settings=\"{&quot;animation&quot;:&quot;fadeInLeft&quot;}\">\n\t\t\t\t<div class=\"elementor-element elementor-element-f2274ec elementor-widget elementor-widget-heading\" data-id=\"f2274ec\" data-element_type=\"widget\" data-widget_type=\"heading.default\">\n\t\t\t\t\t<h1 class=\"elementor-heading-title elementor-size-default\">Ilumina tu hogar con una instalaci\u00f3n profesional de luces navide\u00f1as.<\/h1>\t\t\t\t<\/div>\n\t\t\t\t<div class=\"elementor-element elementor-element-41589c5 elementor-invisible elementor-widget elementor-widget-text-editor\" data-id=\"41589c5\" data-element_type=\"widget\" data-settings=\"{&quot;_animation&quot;:&quot;fadeInRight&quot;}\" data-widget_type=\"text-editor.default\">\n\t\t\t\t\t\t\t\t\t<p>Lleve la magia de las fiestas a su hogar con JJBM Services \u2013 Divisi\u00f3n de Landscaping, sus expertos de confianza en la instalaci\u00f3n de luces navide\u00f1as en todo el condado de Palm Beach.<\/p>\t\t\t\t\t\t\t\t<\/div>\n\t\t\t\t<div class=\"elementor-element elementor-element-932baa4 elementor-invisible elementor-widget elementor-widget-text-editor\" data-id=\"932baa4\" data-element_type=\"widget\" data-settings=\"{&quot;_animation&quot;:&quot;fadeInRight&quot;}\" data-widget_type=\"text-editor.default\">\n\t\t\t\t\t\t\t\t\t<p>Dise\u00f1amos, instalamos y retiramos de forma segura la iluminaci\u00f3n navide\u00f1a para casas, jardines y palmeras, creando decoraciones elegantes y festivas que hacen que su propiedad brille.<\/p>\t\t\t\t\t\t\t\t<\/div>\n\t\t\t\t<div class=\"elementor-element elementor-element-878260a elementor-invisible elementor-widget elementor-widget-text-editor\" data-id=\"878260a\" data-element_type=\"widget\" data-settings=\"{&quot;_animation&quot;:&quot;fadeInRight&quot;}\" data-widget_type=\"text-editor.default\">\n\t\t\t\t\t\t\t\t\tYa sea que desee instalar luces navide\u00f1as en su casa, decorar palmeras con luces navide\u00f1as o dise\u00f1ar una iluminaci\u00f3n navide\u00f1a completa, nuestro equipo le brindar\u00e1 una experiencia profesional y sin estr\u00e9s de principio a fin.\t\t\t\t\t\t\t\t<\/div>\n\t\t\t\t<div class=\"elementor-element elementor-element-f0bc75c elementor-invisible elementor-widget elementor-widget-text-editor\" data-id=\"f0bc75c\" data-element_type=\"widget\" data-settings=\"{&quot;_animation&quot;:&quot;fadeInRight&quot;}\" data-widget_type=\"text-editor.default\">\n\t\t\t\t\t\t\t\t\t<p>Nuestros sistemas de iluminaci\u00f3n LED de alta calidad son energ\u00e9ticamente eficientes, resistentes a la intemperie y se instalan priorizando la seguridad. Nos encargaremos de todo, desde la planificaci\u00f3n y la instalaci\u00f3n hasta el desmontaje despu\u00e9s de las fiestas, para que disfrute de un ambiente navide\u00f1o hermoso y sin preocupaciones.<\/p>\t\t\t\t\t\t\t\t<\/div>\n\t\t\t\t<\/div>\n\t\t\t\t<\/div>\n\t\t<div class=\"elementor-element elementor-element-2e6e5ab e-con-full e-flex elementor-invisible e-con e-child\" data-id=\"2e6e5ab\" data-element_type=\"container\" data-settings=\"{&quot;animation&quot;:&quot;fadeInRight&quot;,&quot;background_background&quot;:&quot;classic&quot;}\">\n\t\t\t\t<div class=\"elementor-element elementor-element-edfb4c6 elementor-widget elementor-widget-image\" data-id=\"edfb4c6\" data-element_type=\"widget\" data-widget_type=\"image.default\">\n\t\t\t\t\t\t\t\t\t\t\t\t\t\t\t<img fetchpriority=\"high\" decoding=\"async\" width=\"683\" height=\"1024\" src=\"https:\/\/jjbmlandscaping.com\/wp-content\/uploads\/2025\/11\/jjbm-landscape02-683x1024.jpg\" class=\"attachment-large size-large wp-image-370\" alt=\"\" srcset=\"https:\/\/jjbmlandscaping.com\/wp-content\/uploads\/2025\/11\/jjbm-landscape02-683x1024.jpg 683w, https:\/\/jjbmlandscaping.com\/wp-content\/uploads\/2025\/11\/jjbm-landscape02-200x300.jpg 200w, https:\/\/jjbmlandscaping.com\/wp-content\/uploads\/2025\/11\/jjbm-landscape02-768x1152.jpg 768w, https:\/\/jjbmlandscaping.com\/wp-content\/uploads\/2025\/11\/jjbm-landscape02-1024x1536.jpg 1024w, https:\/\/jjbmlandscaping.com\/wp-content\/uploads\/2025\/11\/jjbm-landscape02-1365x2048.jpg 1365w, https:\/\/jjbmlandscaping.com\/wp-content\/uploads\/2025\/11\/jjbm-landscape02-scaled.jpg 1707w\" sizes=\"(max-width: 683px) 100vw, 683px\" \/>\t\t\t\t\t\t\t\t\t\t\t\t\t\t\t<\/div>\n\t\t\t\t<\/div>\n\t\t\t\t<\/div>\n\t\t<div class=\"elementor-element elementor-element-ad6f964 e-con-full e-flex e-con e-parent\" data-id=\"ad6f964\" data-element_type=\"container\" data-settings=\"{&quot;background_background&quot;:&quot;classic&quot;}\">\n\t\t\t\t<div class=\"elementor-element elementor-element-146e4b7 elementor-invisible elementor-widget elementor-widget-heading\" data-id=\"146e4b7\" data-element_type=\"widget\" data-settings=\"{&quot;_animation&quot;:&quot;fadeInLeft&quot;}\" data-widget_type=\"heading.default\">\n\t\t\t\t\t<h2 class=\"elementor-heading-title elementor-size-default\">Reserve la instalaci\u00f3n de sus luces navide\u00f1as con antelaci\u00f3n. <\/h2>\t\t\t\t<\/div>\n\t\t\t\t<div class=\"elementor-element elementor-element-70c7479 elementor-invisible elementor-widget elementor-widget-heading\" data-id=\"70c7479\" data-element_type=\"widget\" data-settings=\"{&quot;_animation&quot;:&quot;fadeInRight&quot;}\" data-widget_type=\"heading.default\">\n\t\t\t\t\t<h2 class=\"elementor-heading-title elementor-size-default\">\u00a1Plazas limitadas disponibles de septiembre a octubre!<\/h2>\t\t\t\t<\/div>\n\t\t\t\t<div class=\"elementor-element elementor-element-bed71bb elementor-align-center elementor-invisible elementor-widget elementor-widget-button\" data-id=\"bed71bb\" data-element_type=\"widget\" data-settings=\"{&quot;_animation&quot;:&quot;zoomIn&quot;}\" data-widget_type=\"button.default\">\n\t\t\t\t\t\t\t\t\t\t<a class=\"elementor-button elementor-button-link elementor-size-lg elementor-animation-grow\" href=\"#\">\n\t\t\t\t\t\t<span class=\"elementor-button-content-wrapper\">\n\t\t\t\t\t\t\t\t\t<span class=\"elementor-button-text\">\u00danete ahora<\/span>\n\t\t\t\t\t<\/span>\n\t\t\t\t\t<\/a>\n\t\t\t\t\t\t\t\t<\/div>\n\t\t\t\t<\/div>\n\t\t<div class=\"elementor-element elementor-element-9bc4293 e-con-full e-flex e-con e-parent\" data-id=\"9bc4293\" data-element_type=\"container\" data-settings=\"{&quot;background_background&quot;:&quot;classic&quot;}\">\n\t\t<div class=\"elementor-element elementor-element-ca30a47 e-con-full e-flex elementor-invisible e-con e-child\" data-id=\"ca30a47\" data-element_type=\"container\" data-settings=\"{&quot;animation&quot;:&quot;fadeIn&quot;,&quot;animation_delay&quot;:200}\">\n\t\t\t\t<div class=\"elementor-element elementor-element-0f46d8b elementor-widget elementor-widget-image\" data-id=\"0f46d8b\" data-element_type=\"widget\" data-widget_type=\"image.default\">\n\t\t\t\t\t\t\t\t\t\t\t\t\t\t\t<img decoding=\"async\" width=\"800\" height=\"534\" src=\"https:\/\/jjbmlandscaping.com\/wp-content\/uploads\/2025\/11\/jjbm-landscaping03-1024x683.jpg\" class=\"attachment-large size-large wp-image-407\" alt=\"\" srcset=\"https:\/\/jjbmlandscaping.com\/wp-content\/uploads\/2025\/11\/jjbm-landscaping03-1024x683.jpg 1024w, https:\/\/jjbmlandscaping.com\/wp-content\/uploads\/2025\/11\/jjbm-landscaping03-300x200.jpg 300w, https:\/\/jjbmlandscaping.com\/wp-content\/uploads\/2025\/11\/jjbm-landscaping03-768x512.jpg 768w, https:\/\/jjbmlandscaping.com\/wp-content\/uploads\/2025\/11\/jjbm-landscaping03-1536x1024.jpg 1536w, https:\/\/jjbmlandscaping.com\/wp-content\/uploads\/2025\/11\/jjbm-landscaping03-2048x1365.jpg 2048w\" sizes=\"(max-width: 800px) 100vw, 800px\" \/>\t\t\t\t\t\t\t\t\t\t\t\t\t\t\t<\/div>\n\t\t\t\t<\/div>\n\t\t<div class=\"elementor-element elementor-element-5baf1d3 e-con-full e-flex elementor-invisible e-con e-child\" data-id=\"5baf1d3\" data-element_type=\"container\" data-settings=\"{&quot;animation&quot;:&quot;fadeIn&quot;,&quot;animation_delay&quot;:400}\">\n\t\t\t\t<div class=\"elementor-element elementor-element-17edca8 elementor-widget elementor-widget-heading\" data-id=\"17edca8\" data-element_type=\"widget\" data-widget_type=\"heading.default\">\n\t\t\t\t\t<h2 class=\"elementor-heading-title elementor-size-default\">Preguntas frecuentes<\/h2>\t\t\t\t<\/div>\n\t\t\t\t<div class=\"elementor-element elementor-element-dd21c92 elementor-widget-divider--view-line elementor-widget elementor-widget-divider\" data-id=\"dd21c92\" data-element_type=\"widget\" data-widget_type=\"divider.default\">\n\t\t\t\t\t\t\t<div class=\"elementor-divider\">\n\t\t\t<span class=\"elementor-divider-separator\">\n\t\t\t\t\t\t<\/span>\n\t\t<\/div>\n\t\t\t\t\t\t<\/div>\n\t\t\t\t<div class=\"elementor-element elementor-element-78027f6 elementor-widget elementor-widget-elementskit-accordion\" data-id=\"78027f6\" data-element_type=\"widget\" data-widget_type=\"elementskit-accordion.default\">\n\t\t\t\t\t<div class=\"ekit-wid-con\" >\n        <div class=\"elementskit-accordion accoedion-primary\" id=\"accordion-69e031af4361e\">\n\n            \n                <div class=\"elementskit-card active\">\n                    <div class=\"elementskit-card-header\" id=\"primaryHeading-0-78027f6\">\n                        <a href=\"#collapse-0d077d669e031af4361e\" class=\"ekit-accordion--toggler elementskit-btn-link collapsed\" data-ekit-toggle=\"collapse\" data-target=\"#Collapse-0d077d669e031af4361e\" aria-expanded=\"true\" aria-controls=\"Collapse-0d077d669e031af4361e\">\n                            \n                            <span class=\"ekit-accordion-title\">\u00bfCu\u00e1ndo debo reservar la iluminaci\u00f3n navide\u00f1a? <\/span>\n\n                            \n                                <div class=\"ekit_accordion_icon_group\">\n                                    <div class=\"ekit_accordion_normal_icon\">\n                                        <!-- Normal Icon -->\n\t\t\t\t\t\t\t\t\t\t<svg class=\"e-font-icon-svg e-fas-chevron-down\" viewbox=\"0 0 448 512\" xmlns=\"http:\/\/www.w3.org\/2000\/svg\"><path d=\"M207.029 381.476L12.686 187.132c-9.373-9.373-9.373-24.569 0-33.941l22.667-22.667c9.357-9.357 24.522-9.375 33.901-.04L224 284.505l154.745-154.021c9.379-9.335 24.544-9.317 33.901.04l22.667 22.667c9.373 9.373 9.373 24.569 0 33.941L240.971 381.476c-9.373 9.372-24.569 9.372-33.942 0z\"><\/path><\/svg>                                    <\/div>\n\n                                    <div class=\"ekit_accordion_active_icon\">\n                                        <!-- Active Icon -->\n\t\t\t\t\t\t\t\t\t\t<svg class=\"e-font-icon-svg e-fas-chevron-up\" viewbox=\"0 0 448 512\" xmlns=\"http:\/\/www.w3.org\/2000\/svg\"><path d=\"M240.971 130.524l194.343 194.343c9.373 9.373 9.373 24.569 0 33.941l-22.667 22.667c-9.357 9.357-24.522 9.375-33.901.04L224 227.495 69.255 381.516c-9.379 9.335-24.544 9.317-33.901-.04l-22.667-22.667c-9.373-9.373-9.373-24.569 0-33.941L207.03 130.525c9.372-9.373 24.568-9.373 33.941-.001z\"><\/path><\/svg>                                    <\/div>\n                                <\/div>\n\n                            \n                                                    <\/a>\n                    <\/div>\n\n                    <div id=\"Collapse-0d077d669e031af4361e\" class=\"show collapse\" aria-labelledby=\"primaryHeading-0-78027f6\" data-parent=\"#accordion-69e031af4361e\">\n\n                        <div class=\"elementskit-card-body ekit-accordion--content\">\n                            <p>Recomendamos programar las instalaciones entre septiembre y octubre para asegurar la fecha que prefiera.<\/p>                        <\/div>\n\n                    <\/div>\n\n                <\/div><!-- .elementskit-card END -->\n\n                \n                <div class=\"elementskit-card\">\n                    <div class=\"elementskit-card-header\" id=\"primaryHeading-1-78027f6\">\n                        <a href=\"#collapse-9a2e6da69e031af4361e\" class=\"ekit-accordion--toggler elementskit-btn-link collapsed\" data-ekit-toggle=\"collapse\" data-target=\"#Collapse-9a2e6da69e031af4361e\" aria-expanded=\"false\" aria-controls=\"Collapse-9a2e6da69e031af4361e\">\n                            \n                            <span class=\"ekit-accordion-title\">\u00bfUstedes proporcionan las luces? <\/span>\n\n                            \n                                <div class=\"ekit_accordion_icon_group\">\n                                    <div class=\"ekit_accordion_normal_icon\">\n                                        <!-- Normal Icon -->\n\t\t\t\t\t\t\t\t\t\t<svg class=\"e-font-icon-svg e-fas-chevron-down\" viewbox=\"0 0 448 512\" xmlns=\"http:\/\/www.w3.org\/2000\/svg\"><path d=\"M207.029 381.476L12.686 187.132c-9.373-9.373-9.373-24.569 0-33.941l22.667-22.667c9.357-9.357 24.522-9.375 33.901-.04L224 284.505l154.745-154.021c9.379-9.335 24.544-9.317 33.901.04l22.667 22.667c9.373 9.373 9.373 24.569 0 33.941L240.971 381.476c-9.373 9.372-24.569 9.372-33.942 0z\"><\/path><\/svg>                                    <\/div>\n\n                                    <div class=\"ekit_accordion_active_icon\">\n                                        <!-- Active Icon -->\n\t\t\t\t\t\t\t\t\t\t<svg class=\"e-font-icon-svg e-fas-chevron-up\" viewbox=\"0 0 448 512\" xmlns=\"http:\/\/www.w3.org\/2000\/svg\"><path d=\"M240.971 130.524l194.343 194.343c9.373 9.373 9.373 24.569 0 33.941l-22.667 22.667c-9.357 9.357-24.522 9.375-33.901.04L224 227.495 69.255 381.516c-9.379 9.335-24.544 9.317-33.901-.04l-22.667-22.667c-9.373-9.373-9.373-24.569 0-33.941L207.03 130.525c9.372-9.373 24.568-9.373 33.941-.001z\"><\/path><\/svg>                                    <\/div>\n                                <\/div>\n\n                            \n                                                    <\/a>\n                    <\/div>\n\n                    <div id=\"Collapse-9a2e6da69e031af4361e\" class=\"collapse\" aria-labelledby=\"primaryHeading-1-78027f6\" data-parent=\"#accordion-69e031af4361e\">\n\n                        <div class=\"elementskit-card-body ekit-accordion--content\">\n                            <p>\u00a1S\u00ed! Ofrecemos luces LED de primera calidad dise\u00f1adas para uso en exteriores: seguras, brillantes y eficientes.<\/p>                        <\/div>\n\n                    <\/div>\n\n                <\/div><!-- .elementskit-card END -->\n\n                \n                <div class=\"elementskit-card\">\n                    <div class=\"elementskit-card-header\" id=\"primaryHeading-2-78027f6\">\n                        <a href=\"#collapse-a17e7c669e031af4361e\" class=\"ekit-accordion--toggler elementskit-btn-link collapsed\" data-ekit-toggle=\"collapse\" data-target=\"#Collapse-a17e7c669e031af4361e\" aria-expanded=\"false\" aria-controls=\"Collapse-a17e7c669e031af4361e\">\n                            \n                            <span class=\"ekit-accordion-title\">\u00bfSe pueden instalar luces de Navidad en las palmeras? <\/span>\n\n                            \n                                <div class=\"ekit_accordion_icon_group\">\n                                    <div class=\"ekit_accordion_normal_icon\">\n                                        <!-- Normal Icon -->\n\t\t\t\t\t\t\t\t\t\t<svg class=\"e-font-icon-svg e-fas-chevron-down\" viewbox=\"0 0 448 512\" xmlns=\"http:\/\/www.w3.org\/2000\/svg\"><path d=\"M207.029 381.476L12.686 187.132c-9.373-9.373-9.373-24.569 0-33.941l22.667-22.667c9.357-9.357 24.522-9.375 33.901-.04L224 284.505l154.745-154.021c9.379-9.335 24.544-9.317 33.901.04l22.667 22.667c9.373 9.373 9.373 24.569 0 33.941L240.971 381.476c-9.373 9.372-24.569 9.372-33.942 0z\"><\/path><\/svg>                                    <\/div>\n\n                                    <div class=\"ekit_accordion_active_icon\">\n                                        <!-- Active Icon -->\n\t\t\t\t\t\t\t\t\t\t<svg class=\"e-font-icon-svg e-fas-chevron-up\" viewbox=\"0 0 448 512\" xmlns=\"http:\/\/www.w3.org\/2000\/svg\"><path d=\"M240.971 130.524l194.343 194.343c9.373 9.373 9.373 24.569 0 33.941l-22.667 22.667c-9.357 9.357-24.522 9.375-33.901.04L224 227.495 69.255 381.516c-9.379 9.335-24.544 9.317-33.901-.04l-22.667-22.667c-9.373-9.373-9.373-24.569 0-33.941L207.03 130.525c9.372-9.373 24.568-9.373 33.941-.001z\"><\/path><\/svg>                                    <\/div>\n                                <\/div>\n\n                            \n                                                    <\/a>\n                    <\/div>\n\n                    <div id=\"Collapse-a17e7c669e031af4361e\" class=\"collapse\" aria-labelledby=\"primaryHeading-2-78027f6\" data-parent=\"#accordion-69e031af4361e\">\n\n                        <div class=\"elementskit-card-body ekit-accordion--content\">\n                            <p>Por supuesto. Nos especializamos en iluminaci\u00f3n navide\u00f1a para palmeras y jardines tropicales en todo el condado de Palm Beach.<\/p>                        <\/div>\n\n                    <\/div>\n\n                <\/div><!-- .elementskit-card END -->\n\n                                        <\/div>\n    <\/div>\t\t\t\t<\/div>\n\t\t\t\t<\/div>\n\t\t\t\t<\/div>\n\t\t\t\t<\/div>","protected":false},"excerpt":{"rendered":"<p>Chritsmas Lights Installation Service Gardening is a step toward a healthy life. Brighten Your Home with Professional Christmas Light Installation Bring the magic of the holidays to your home with JJBM Services \u2013 Landscaping Division, your trusted experts in Christmas light installation across Palm Beach County. We design, install, and safely remove holiday lighting for [&hellip;]<\/p>","protected":false},"author":1,"featured_media":0,"parent":0,"menu_order":0,"comment_status":"closed","ping_status":"closed","template":"","meta":{"footnotes":""},"class_list":["post-604","page","type-page","status-publish","hentry"],"_links":{"self":[{"href":"https:\/\/jjbmlandscaping.com\/es\/wp-json\/wp\/v2\/pages\/604","targetHints":{"allow":["GET"]}}],"collection":[{"href":"https:\/\/jjbmlandscaping.com\/es\/wp-json\/wp\/v2\/pages"}],"about":[{"href":"https:\/\/jjbmlandscaping.com\/es\/wp-json\/wp\/v2\/types\/page"}],"author":[{"embeddable":true,"href":"https:\/\/jjbmlandscaping.com\/es\/wp-json\/wp\/v2\/users\/1"}],"replies":[{"embeddable":true,"href":"https:\/\/jjbmlandscaping.com\/es\/wp-json\/wp\/v2\/comments?post=604"}],"version-history":[{"count":23,"href":"https:\/\/jjbmlandscaping.com\/es\/wp-json\/wp\/v2\/pages\/604\/revisions"}],"predecessor-version":[{"id":943,"href":"https:\/\/jjbmlandscaping.com\/es\/wp-json\/wp\/v2\/pages\/604\/revisions\/943"}],"wp:attachment":[{"href":"https:\/\/jjbmlandscaping.com\/es\/wp-json\/wp\/v2\/media?parent=604"}],"curies":[{"name":"wp","href":"https:\/\/api.w.org\/{rel}","templated":true}]}}